{"id":179,"date":"2024-10-09T09:20:33","date_gmt":"2024-10-09T07:20:33","guid":{"rendered":"https:\/\/glamping-saintesuzanne.fr\/?page_id=179"},"modified":"2024-12-12T12:13:11","modified_gmt":"2024-12-12T11:13:11","slug":"legal-information","status":"publish","type":"page","link":"https:\/\/glamping-saintesuzanne.fr\/en\/mentions-legales\/","title":{"rendered":"Legal information"},"content":{"rendered":"<div class=\"wp-block-stackable-heading stk-block-heading stk-block-heading--v2 stk-block stk-a055b71\" id=\"qui-sommes-nous\" data-block-id=\"a055b71\"><h2 class=\"stk-block-heading__text\">Who are we?<\/h2><\/div>\n\n\n\n<div class=\"wp-block-stackable-columns stk-block-columns stk-block stk-6ebe0e7\" data-block-id=\"6ebe0e7\"><div class=\"stk-row stk-inner-blocks stk-block-content stk-content-align stk-6ebe0e7-column\">\n<div class=\"wp-block-stackable-column stk-block-column stk-column stk-block stk-5da7be1\" data-v=\"4\" data-block-id=\"5da7be1\"><div class=\"stk-column-wrapper stk-block-column__content stk-container stk-5da7be1-container stk--no-background stk--no-padding\"><div class=\"stk-block-content stk-inner-blocks stk-5da7be1-inner-blocks\">\n<div class=\"wp-block-stackable-text stk-block-text stk-block stk-9d950c1\" data-block-id=\"9d950c1\"><p class=\"stk-block-text__text\"><strong>Publisher<\/strong><br>Glamping Sainte Suzanne<\/p><\/div>\n\n\n\n<p data-block-type=\"core\">43243454600045<\/p>\n\n\n\n<p data-block-type=\"core\">Registered office: GLAMPING SAINTE SUZANNE, 12 RUE DE LA CROIX COUVERTE 53270 SAINTE-SUZANNE-ET-CHAMMES<\/p>\n\n\n\n<p data-block-type=\"core\">Telephone number : 02 43 10 49 60<br>E-mail: contact@glamping-saintesuzanne.fr<\/p>\n\n\n\n<p data-block-type=\"core\"><strong>Publishing director<br><\/strong>Elfie and Arnaud<\/p>\n<\/div><\/div><\/div>\n\n\n\n<div class=\"wp-block-stackable-column stk-block-column stk-column stk-block stk-702ecba\" data-v=\"4\" data-block-id=\"702ecba\"><div class=\"stk-column-wrapper stk-block-column__content stk-container stk-702ecba-container stk--no-background stk--no-padding\"><div class=\"stk-block-content stk-inner-blocks stk-702ecba-inner-blocks\">\n<div class=\"wp-block-stackable-text stk-block-text stk-block stk-2868dd8\" data-block-id=\"2868dd8\"><p class=\"stk-block-text__text\"><strong>Technical and graphic production :<br><\/strong>SEV \/ Ouest-Communication.com<br>123 Bd Louis Blanc<br>85000 La Roche sur Yon<br>Tel.: 02 51 20 30 40<br>E-mail : <a href=\"mailto:info@ouest-communication.com\">info@ouest-communication.com<\/a><br>Website : <a href=\"https:\/\/www.ouest-communication.com\/\" target=\"_blank\" rel=\"noreferrer noopener\">https:\/\/www.ouest-communication.com\/<\/a><\/p><\/div>\n\n\n\n<p data-block-type=\"core\"><strong>Site hosting :<br><\/strong>O2Switch<br>Chem. des Pardiaux, <br>63000 Clermont-Ferrand<\/p>\n<\/div><\/div><\/div>\n<\/div><\/div>\n\n\n\n<p data-block-type=\"core\"><strong>Use of personal data collected<br><\/strong>Your personal data will only be used in the context of the commercial relationship between you and the publisher \"Glamping Sainte Suzanne\".<\/p>\n\n\n\n<p data-block-type=\"core\">Unless you give your express consent, your data will not be passed on to third parties.<\/p>\n\n\n\n<p data-block-type=\"core\"><strong>Contact forms<br><\/strong>The information collected by the forms is recorded in a computerised file for the purposes of a request for information and the commercial relationship that may ensue. You may exercise your right of access to your personal data by using the form provided for this purpose.<\/p>\n\n\n\n<p data-block-type=\"core\"><strong>Cookies<br><\/strong>If you leave a comment on our site, you will be asked to save your name, email address and website in cookies. This is purely for your convenience, so that you do not have to enter this information if you leave another comment at a later date. These cookies expire after one year.<\/p>\n\n\n\n<p data-block-type=\"core\">If you have an account and log on to this site, a temporary cookie will be created to determine whether your browser accepts cookies. It does not contain any personal data and will be deleted automatically when you close your browser.<\/p>\n\n\n\n<p data-block-type=\"core\">For statistical purposes, this site uses cookies to collect information about the pages you have visited. In particular, they store anonymous information about your geographical position, your browser, etc.<\/p>\n\n\n\n<p data-block-type=\"core\"><strong>Media<br><\/strong>If you are a registered user and you upload images to the website, we advise you to avoid uploading images containing EXIF data of GPS coordinates. Visitors to your website can download and extract location data from these images.<\/p>\n\n\n\n<p data-block-type=\"core\">Embedded content from other sites<br>Articles on this site may include embedded content (e.g. videos, images, articles, etc.). Embedded content from other sites behaves in the same way as if the visitor were visiting that other site.<\/p>\n\n\n\n<p data-block-type=\"core\">These websites may collect data about you, use cookies, embed third-party tracking tools and track your interactions with this embedded content if you have an account connected to their website.<\/p>\n\n\n\n<p data-block-type=\"core\"><strong>Storage periods for your data<br><\/strong>If you leave a comment, the comment and its metadata are kept indefinitely. This allows subsequent comments to be automatically recognised and approved instead of being left in the moderation queue.<\/p>\n\n\n\n<p data-block-type=\"core\">For users who register on our site (where possible), we also store the personal data indicated in their profile. All users can view, modify or delete their personal information at any time (with the exception of their user name). Site managers can also view and modify this information.<\/p>\n\n\n\n<p data-block-type=\"core\"><strong>The rights you have over your data<br><\/strong>If you have an account or if you have left comments on the site, you may request to receive a file containing all the personal data we hold about you, including that which you have provided to us. You may also request the deletion of your personal data. This does not include data stored for administrative, legal or security purposes.<\/p>\n\n\n\n<p data-block-type=\"core\"><strong>Photo credits<\/strong><\/p>\n\n\n\n<p data-block-type=\"core\">Pascal BELTRAMI - Mayenne Tourisme <br>Dominique VERNIER<br>Emilie D<br>Fabien Chere<br>Bernard GIRAULT<br>Alexandre Lamoureux<br>Mathieu Lassalle<br>Teddy Verneuil<br>Claire and Arthur<br>Foehn Photography<\/p>\n\n\n\n<p data-block-type=\"core\"><\/p>","protected":false},"excerpt":{"rendered":"<p>Qui sommes-nous ? \u00c9diteurGlamping Sainte Suzanne 43243454600045 Si\u00e8ge : GLAMPING SAINTE SUZANNE, 12 RUE DE LA CROIX COUVERTE 53270 SAINTE-SUZANNE-ET-CHAMMES N\u00b0 de t\u00e9l\u00e9phone : 02 43 10 49 60E-mail : contact@glamping-saintesuzanne.fr Directeur de la publicationElfie et Arnaud R\u00e9alisation Technique &amp; Graphique :SEV \/ Ouest-Communication.com123 Bd Louis Blanc85000 La Roche sur YonT\u00e9l. : 02 51 20 [&hellip;]<\/p>\n","protected":false},"author":1,"featured_media":200,"parent":0,"menu_order":0,"comment_status":"closed","ping_status":"closed","template":"","meta":{"_acf_changed":false,"_seopress_robots_primary_cat":"","_seopress_titles_title":"Mentions l\u00e9gales Glamping Sainte Suzanne","_seopress_titles_desc":"Editeur du site internet : Glamping Sainte Suzanne. R\u00e9alisation : Agence web Ouest Communication. Cr\u00e9ation site internet Camping en Mayenne.","_seopress_robots_index":"","_vp_format_video_url":"","_vp_image_focal_point":[],"footnotes":""},"class_list":["post-179","page","type-page","status-publish","has-post-thumbnail","hentry"],"acf":[],"_links":{"self":[{"href":"https:\/\/glamping-saintesuzanne.fr\/en\/wp-json\/wp\/v2\/pages\/179","targetHints":{"allow":["GET"]}}],"collection":[{"href":"https:\/\/glamping-saintesuzanne.fr\/en\/wp-json\/wp\/v2\/pages"}],"about":[{"href":"https:\/\/glamping-saintesuzanne.fr\/en\/wp-json\/wp\/v2\/types\/page"}],"author":[{"embeddable":true,"href":"https:\/\/glamping-saintesuzanne.fr\/en\/wp-json\/wp\/v2\/users\/1"}],"replies":[{"embeddable":true,"href":"https:\/\/glamping-saintesuzanne.fr\/en\/wp-json\/wp\/v2\/comments?post=179"}],"version-history":[{"count":5,"href":"https:\/\/glamping-saintesuzanne.fr\/en\/wp-json\/wp\/v2\/pages\/179\/revisions"}],"predecessor-version":[{"id":772,"href":"https:\/\/glamping-saintesuzanne.fr\/en\/wp-json\/wp\/v2\/pages\/179\/revisions\/772"}],"wp:featuredmedia":[{"embeddable":true,"href":"https:\/\/glamping-saintesuzanne.fr\/en\/wp-json\/wp\/v2\/media\/200"}],"wp:attachment":[{"href":"https:\/\/glamping-saintesuzanne.fr\/en\/wp-json\/wp\/v2\/media?parent=179"}],"curies":[{"name":"wp","href":"https:\/\/api.w.org\/{rel}","templated":true}]}}